{"id":331,"date":"2024-03-27T21:51:43","date_gmt":"2024-03-27T20:51:43","guid":{"rendered":"https:\/\/mael-epic.fr\/?page_id=331"},"modified":"2024-04-16T23:14:34","modified_gmt":"2024-04-16T21:14:34","slug":"movement","status":"publish","type":"page","link":"https:\/\/mael-epic.fr\/index.php\/movement\/","title":{"rendered":"Movement"},"content":{"rendered":"\n<h3 class=\"wp-block-heading has-text-align-center has-prata-regular-font-family\">Click to enter full screen view<\/h3>\n\n\n\n<div class=\"wp-block-media-text alignwide is-stacked-on-mobile\" style=\"grid-template-columns:60% auto\"><figure class=\"wp-block-media-text__media\"><img loading=\"lazy\" decoding=\"async\" width=\"1024\" height=\"1024\" src=\"https:\/\/mael-epic.fr\/wp-content\/uploads\/2024\/03\/Flamenco1.jpeg\" alt=\"\" class=\"wp-image-335 size-full\" srcset=\"https:\/\/mael-epic.fr\/wp-content\/uploads\/2024\/03\/Flamenco1.jpeg 1024w, https:\/\/mael-epic.fr\/wp-content\/uploads\/2024\/03\/Flamenco1-300x300.jpeg 300w, https:\/\/mael-epic.fr\/wp-content\/uploads\/2024\/03\/Flamenco1-150x150.jpeg 150w, https:\/\/mael-epic.fr\/wp-content\/uploads\/2024\/03\/Flamenco1-768x768.jpeg 768w\" sizes=\"auto, (max-width: 1024px) 100vw, 1024px\" \/><\/figure><div class=\"wp-block-media-text__content\">\n<p>Skirts dancing like burning wings.      &#8212;  Ma\u00ebl<\/p>\n<\/div><\/div>\n\n\n\n<div class=\"wp-block-media-text alignwide is-stacked-on-mobile\" style=\"grid-template-columns:60% auto\"><figure class=\"wp-block-media-text__media\"><img loading=\"lazy\" decoding=\"async\" width=\"1024\" height=\"1024\" src=\"https:\/\/mael-epic.fr\/wp-content\/uploads\/2024\/03\/Flamenco2.jpeg\" alt=\"\" class=\"wp-image-336 size-full\" srcset=\"https:\/\/mael-epic.fr\/wp-content\/uploads\/2024\/03\/Flamenco2.jpeg 1024w, https:\/\/mael-epic.fr\/wp-content\/uploads\/2024\/03\/Flamenco2-300x300.jpeg 300w, https:\/\/mael-epic.fr\/wp-content\/uploads\/2024\/03\/Flamenco2-150x150.jpeg 150w, https:\/\/mael-epic.fr\/wp-content\/uploads\/2024\/03\/Flamenco2-768x768.jpeg 768w\" sizes=\"auto, (max-width: 1024px) 100vw, 1024px\" \/><\/figure><div class=\"wp-block-media-text__content\">\n<p>Skirt folds fly, air breezes dance.    &#8212; Ma\u00ebl<\/p>\n<\/div><\/div>\n\n\n\n<div class=\"wp-block-media-text alignwide is-stacked-on-mobile\" style=\"grid-template-columns:60% auto\"><figure class=\"wp-block-media-text__media\"><img loading=\"lazy\" decoding=\"async\" width=\"1024\" height=\"1024\" src=\"https:\/\/mael-epic.fr\/wp-content\/uploads\/2024\/03\/FlamencoDancerSitting.jpeg\" alt=\"\" class=\"wp-image-337 size-full\" srcset=\"https:\/\/mael-epic.fr\/wp-content\/uploads\/2024\/03\/FlamencoDancerSitting.jpeg 1024w, https:\/\/mael-epic.fr\/wp-content\/uploads\/2024\/03\/FlamencoDancerSitting-300x300.jpeg 300w, https:\/\/mael-epic.fr\/wp-content\/uploads\/2024\/03\/FlamencoDancerSitting-150x150.jpeg 150w, https:\/\/mael-epic.fr\/wp-content\/uploads\/2024\/03\/FlamencoDancerSitting-768x768.jpeg 768w\" sizes=\"auto, (max-width: 1024px) 100vw, 1024px\" \/><\/figure><div class=\"wp-block-media-text__content\">\n<p>One thought, hundreds postures.    &#8212; Ma\u00ebl<\/p>\n<\/div><\/div>\n","protected":false},"excerpt":{"rendered":"<p>Click to enter full screen view Skirts dancing like burning wings. &#8212; Ma\u00ebl Skirt folds fly, air breezes dance. &#8212; Ma\u00ebl One thought, hundreds postures. &#8212; Ma\u00ebl<\/p>\n","protected":false},"author":1,"featured_media":0,"parent":0,"menu_order":0,"comment_status":"closed","ping_status":"closed","template":"","meta":{"footnotes":""},"class_list":["post-331","page","type-page","status-publish","hentry"],"_links":{"self":[{"href":"https:\/\/mael-epic.fr\/index.php\/wp-json\/wp\/v2\/pages\/331","targetHints":{"allow":["GET"]}}],"collection":[{"href":"https:\/\/mael-epic.fr\/index.php\/wp-json\/wp\/v2\/pages"}],"about":[{"href":"https:\/\/mael-epic.fr\/index.php\/wp-json\/wp\/v2\/types\/page"}],"author":[{"embeddable":true,"href":"https:\/\/mael-epic.fr\/index.php\/wp-json\/wp\/v2\/users\/1"}],"replies":[{"embeddable":true,"href":"https:\/\/mael-epic.fr\/index.php\/wp-json\/wp\/v2\/comments?post=331"}],"version-history":[{"count":5,"href":"https:\/\/mael-epic.fr\/index.php\/wp-json\/wp\/v2\/pages\/331\/revisions"}],"predecessor-version":[{"id":444,"href":"https:\/\/mael-epic.fr\/index.php\/wp-json\/wp\/v2\/pages\/331\/revisions\/444"}],"wp:attachment":[{"href":"https:\/\/mael-epic.fr\/index.php\/wp-json\/wp\/v2\/media?parent=331"}],"curies":[{"name":"wp","href":"https:\/\/api.w.org\/{rel}","templated":true}]}}